{"id":87,"date":"2024-10-06T17:24:03","date_gmt":"2024-10-06T15:24:03","guid":{"rendered":"https:\/\/club-beaute-plaisance.fr\/wordpress\/?page_id=87"},"modified":"2025-02-19T18:50:40","modified_gmt":"2025-02-19T17:50:40","slug":"quilling","status":"publish","type":"page","link":"https:\/\/club-beaute-plaisance.fr\/wordpress\/index.php\/quilling\/","title":{"rendered":"Quilling"},"content":{"rendered":"\n<p class=\"has-text-align-center\"><strong>QUILLING&nbsp;<em>(L&rsquo;art du papier ENROULE)<\/em><\/strong><\/p>\n\n\n\n<p><strong>Activit\u00e9 anim\u00e9e par<\/strong><\/p>\n\n\n\n<p><strong>Aline Rasquin<\/strong><\/p>\n\n\n\n\n\n<p><strong>Le lundi de 14h30 \u00e0 17h00 au Club Lyautey de Janvier \u00e0 Juin<\/strong><\/p>\n\n\n\n<p><\/p>\n\n\n\n<figure class=\"wp-block-gallery has-nested-images columns-default is-cropped wp-block-gallery-1 is-layout-flex wp-block-gallery-is-layout-flex\">\n<figure class=\"wp-block-image size-large\"><img loading=\"lazy\" decoding=\"async\" width=\"736\" height=\"1024\" data-id=\"782\" src=\"https:\/\/club-beaute-plaisance.fr\/wordpress\/wp-content\/uploads\/2025\/02\/20250131_094145-scaled-e1739983734159-736x1024.jpg\" alt=\"\" class=\"wp-image-782\" srcset=\"https:\/\/club-beaute-plaisance.fr\/wordpress\/wp-content\/uploads\/2025\/02\/20250131_094145-scaled-e1739983734159-736x1024.jpg 736w, https:\/\/club-beaute-plaisance.fr\/wordpress\/wp-content\/uploads\/2025\/02\/20250131_094145-scaled-e1739983734159-216x300.jpg 216w, https:\/\/club-beaute-plaisance.fr\/wordpress\/wp-content\/uploads\/2025\/02\/20250131_094145-scaled-e1739983734159-768x1069.jpg 768w, https:\/\/club-beaute-plaisance.fr\/wordpress\/wp-content\/uploads\/2025\/02\/20250131_094145-scaled-e1739983734159-1103x1536.jpg 1103w, https:\/\/club-beaute-plaisance.fr\/wordpress\/wp-content\/uploads\/2025\/02\/20250131_094145-scaled-e1739983734159-1471x2048.jpg 1471w, https:\/\/club-beaute-plaisance.fr\/wordpress\/wp-content\/uploads\/2025\/02\/20250131_094145-scaled-e1739983734159.jpg 1796w\" sizes=\"auto, (max-width: 736px) 100vw, 736px\" \/><\/figure>\n\n\n\n<figure class=\"wp-block-image size-large\"><img loading=\"lazy\" decoding=\"async\" width=\"768\" height=\"1024\" data-id=\"781\" src=\"https:\/\/club-beaute-plaisance.fr\/wordpress\/wp-content\/uploads\/2025\/02\/20220312_145503-768x1024.jpg\" alt=\"\" class=\"wp-image-781\" srcset=\"https:\/\/club-beaute-plaisance.fr\/wordpress\/wp-content\/uploads\/2025\/02\/20220312_145503-768x1024.jpg 768w, https:\/\/club-beaute-plaisance.fr\/wordpress\/wp-content\/uploads\/2025\/02\/20220312_145503-225x300.jpg 225w, https:\/\/club-beaute-plaisance.fr\/wordpress\/wp-content\/uploads\/2025\/02\/20220312_145503-1152x1536.jpg 1152w, https:\/\/club-beaute-plaisance.fr\/wordpress\/wp-content\/uploads\/2025\/02\/20220312_145503-1536x2048.jpg 1536w, https:\/\/club-beaute-plaisance.fr\/wordpress\/wp-content\/uploads\/2025\/02\/20220312_145503-scaled.jpg 1920w\" sizes=\"auto, (max-width: 768px) 100vw, 768px\" \/><\/figure>\n\n\n\n<figure class=\"wp-block-image size-large\"><img loading=\"lazy\" decoding=\"async\" width=\"768\" height=\"1024\" data-id=\"373\" src=\"https:\/\/club-beaute-plaisance.fr\/wordpress\/wp-content\/uploads\/2024\/11\/20210613_105451-768x1024.jpg\" alt=\"\" class=\"wp-image-373\" srcset=\"https:\/\/club-beaute-plaisance.fr\/wordpress\/wp-content\/uploads\/2024\/11\/20210613_105451-768x1024.jpg 768w, https:\/\/club-beaute-plaisance.fr\/wordpress\/wp-content\/uploads\/2024\/11\/20210613_105451-225x300.jpg 225w, https:\/\/club-beaute-plaisance.fr\/wordpress\/wp-content\/uploads\/2024\/11\/20210613_105451-1152x1536.jpg 1152w, https:\/\/club-beaute-plaisance.fr\/wordpress\/wp-content\/uploads\/2024\/11\/20210613_105451-1536x2048.jpg 1536w, https:\/\/club-beaute-plaisance.fr\/wordpress\/wp-content\/uploads\/2024\/11\/20210613_105451-scaled.jpg 1920w\" sizes=\"auto, (max-width: 768px) 100vw, 768px\" \/><\/figure>\n\n\n\n<figure class=\"wp-block-image size-large\"><img loading=\"lazy\" decoding=\"async\" width=\"768\" height=\"1024\" data-id=\"372\" src=\"https:\/\/club-beaute-plaisance.fr\/wordpress\/wp-content\/uploads\/2024\/11\/20210613_105343-768x1024.jpg\" alt=\"\" class=\"wp-image-372\" srcset=\"https:\/\/club-beaute-plaisance.fr\/wordpress\/wp-content\/uploads\/2024\/11\/20210613_105343-768x1024.jpg 768w, https:\/\/club-beaute-plaisance.fr\/wordpress\/wp-content\/uploads\/2024\/11\/20210613_105343-225x300.jpg 225w, https:\/\/club-beaute-plaisance.fr\/wordpress\/wp-content\/uploads\/2024\/11\/20210613_105343-1152x1536.jpg 1152w, https:\/\/club-beaute-plaisance.fr\/wordpress\/wp-content\/uploads\/2024\/11\/20210613_105343-1536x2048.jpg 1536w, https:\/\/club-beaute-plaisance.fr\/wordpress\/wp-content\/uploads\/2024\/11\/20210613_105343-scaled.jpg 1920w\" sizes=\"auto, (max-width: 768px) 100vw, 768px\" \/><\/figure>\n\n\n\n<figure class=\"wp-block-image size-large\"><img loading=\"lazy\" decoding=\"async\" width=\"768\" height=\"1024\" data-id=\"780\" src=\"https:\/\/club-beaute-plaisance.fr\/wordpress\/wp-content\/uploads\/2025\/02\/20220523_152531-768x1024.jpg\" alt=\"\" class=\"wp-image-780\" srcset=\"https:\/\/club-beaute-plaisance.fr\/wordpress\/wp-content\/uploads\/2025\/02\/20220523_152531-768x1024.jpg 768w, https:\/\/club-beaute-plaisance.fr\/wordpress\/wp-content\/uploads\/2025\/02\/20220523_152531-225x300.jpg 225w, https:\/\/club-beaute-plaisance.fr\/wordpress\/wp-content\/uploads\/2025\/02\/20220523_152531-1152x1536.jpg 1152w, https:\/\/club-beaute-plaisance.fr\/wordpress\/wp-content\/uploads\/2025\/02\/20220523_152531-1536x2048.jpg 1536w, https:\/\/club-beaute-plaisance.fr\/wordpress\/wp-content\/uploads\/2025\/02\/20220523_152531-scaled.jpg 1920w\" sizes=\"auto, (max-width: 768px) 100vw, 768px\" \/><\/figure>\n<\/figure>\n\n\n\n<figure class=\"wp-block-gallery has-nested-images columns-default is-cropped wp-block-gallery-2 is-layout-flex wp-block-gallery-is-layout-flex\"><\/figure>\n\n\n\n<p><\/p>\n","protected":false},"excerpt":{"rendered":"<p>QUILLING&nbsp;(L&rsquo;art du papier ENROULE) Activit\u00e9 anim\u00e9e par Aline Rasquin Le lundi de 14h30 \u00e0 17h00 au Club Lyautey de Janvier \u00e0 Juin<\/p>\n","protected":false},"author":2,"featured_media":780,"parent":0,"menu_order":0,"comment_status":"closed","ping_status":"closed","template":"","meta":{"iawp_total_views":75,"footnotes":""},"class_list":["post-87","page","type-page","status-publish","has-post-thumbnail","hentry"],"_links":{"self":[{"href":"https:\/\/club-beaute-plaisance.fr\/wordpress\/index.php\/wp-json\/wp\/v2\/pages\/87","targetHints":{"allow":["GET"]}}],"collection":[{"href":"https:\/\/club-beaute-plaisance.fr\/wordpress\/index.php\/wp-json\/wp\/v2\/pages"}],"about":[{"href":"https:\/\/club-beaute-plaisance.fr\/wordpress\/index.php\/wp-json\/wp\/v2\/types\/page"}],"author":[{"embeddable":true,"href":"https:\/\/club-beaute-plaisance.fr\/wordpress\/index.php\/wp-json\/wp\/v2\/users\/2"}],"replies":[{"embeddable":true,"href":"https:\/\/club-beaute-plaisance.fr\/wordpress\/index.php\/wp-json\/wp\/v2\/comments?post=87"}],"version-history":[{"count":11,"href":"https:\/\/club-beaute-plaisance.fr\/wordpress\/index.php\/wp-json\/wp\/v2\/pages\/87\/revisions"}],"predecessor-version":[{"id":799,"href":"https:\/\/club-beaute-plaisance.fr\/wordpress\/index.php\/wp-json\/wp\/v2\/pages\/87\/revisions\/799"}],"wp:featuredmedia":[{"embeddable":true,"href":"https:\/\/club-beaute-plaisance.fr\/wordpress\/index.php\/wp-json\/wp\/v2\/media\/780"}],"wp:attachment":[{"href":"https:\/\/club-beaute-plaisance.fr\/wordpress\/index.php\/wp-json\/wp\/v2\/media?parent=87"}],"curies":[{"name":"wp","href":"https:\/\/api.w.org\/{rel}","templated":true}]}}