{"id":739,"date":"2025-02-09T17:02:19","date_gmt":"2025-02-09T16:02:19","guid":{"rendered":"https:\/\/club-beaute-plaisance.fr\/wordpress\/?page_id=739"},"modified":"2026-03-22T13:31:23","modified_gmt":"2026-03-22T12:31:23","slug":"gym-pour-tous","status":"publish","type":"page","link":"https:\/\/club-beaute-plaisance.fr\/wordpress\/index.php\/gym-pour-tous\/","title":{"rendered":"GYM pour tous"},"content":{"rendered":"\n<p><strong>GYM POUR TOUS<\/strong><\/p>\n\n\n\n<p>Anim\u00e9e par Huguette<\/p>\n\n\n\n<p>Tous les jeudis de&nbsp;<strong>10h30 \u00e0 11h30<\/strong>, salle Emile Zola<\/p>\n\n\n\n<p>Gymnastique avec petit mat\u00e9riel pour se d\u00e9tendre.<\/p>\n\n\n\n<p><\/p>\n","protected":false},"excerpt":{"rendered":"<p>GYM POUR TOUS Anim\u00e9e par Huguette Tous les jeudis de&nbsp;10h30 \u00e0 11h30, salle Emile Zola Gymnastique avec petit mat\u00e9riel pour se d\u00e9tendre.<\/p>\n","protected":false},"author":2,"featured_media":0,"parent":0,"menu_order":0,"comment_status":"closed","ping_status":"closed","template":"","meta":{"iawp_total_views":63,"footnotes":""},"class_list":["post-739","page","type-page","status-publish","hentry"],"_links":{"self":[{"href":"https:\/\/club-beaute-plaisance.fr\/wordpress\/index.php\/wp-json\/wp\/v2\/pages\/739","targetHints":{"allow":["GET"]}}],"collection":[{"href":"https:\/\/club-beaute-plaisance.fr\/wordpress\/index.php\/wp-json\/wp\/v2\/pages"}],"about":[{"href":"https:\/\/club-beaute-plaisance.fr\/wordpress\/index.php\/wp-json\/wp\/v2\/types\/page"}],"author":[{"embeddable":true,"href":"https:\/\/club-beaute-plaisance.fr\/wordpress\/index.php\/wp-json\/wp\/v2\/users\/2"}],"replies":[{"embeddable":true,"href":"https:\/\/club-beaute-plaisance.fr\/wordpress\/index.php\/wp-json\/wp\/v2\/comments?post=739"}],"version-history":[{"count":4,"href":"https:\/\/club-beaute-plaisance.fr\/wordpress\/index.php\/wp-json\/wp\/v2\/pages\/739\/revisions"}],"predecessor-version":[{"id":1003,"href":"https:\/\/club-beaute-plaisance.fr\/wordpress\/index.php\/wp-json\/wp\/v2\/pages\/739\/revisions\/1003"}],"wp:attachment":[{"href":"https:\/\/club-beaute-plaisance.fr\/wordpress\/index.php\/wp-json\/wp\/v2\/media?parent=739"}],"curies":[{"name":"wp","href":"https:\/\/api.w.org\/{rel}","templated":true}]}}