{"id":730,"date":"2025-02-09T13:47:56","date_gmt":"2025-02-09T12:47:56","guid":{"rendered":"https:\/\/club-beaute-plaisance.fr\/wordpress\/?page_id=730"},"modified":"2026-03-22T13:28:57","modified_gmt":"2026-03-22T12:28:57","slug":"balades-decouvertes","status":"publish","type":"page","link":"https:\/\/club-beaute-plaisance.fr\/wordpress\/index.php\/balades-decouvertes\/","title":{"rendered":"Balades D\u00e9couvertes"},"content":{"rendered":"\n<p>Anim\u00e9es par Jean-Pierre <\/p>\n\n\n\n<p>Une fois par mois, le Club propose une balade d\u00e9couverte (ou red\u00e9couverte) en r\u00e9gion parisienne. C&rsquo;est une marche tranquille de 5 \u00e0 7 km pour profiter de l&rsquo;environnement dans des endroits agr\u00e9ables : bords de Marne, de la Seine ou circuits en campagne dans les Yvelines, l&rsquo;Essonne ou dans Paris, selon les saisons.<\/p>\n\n\n\n<p>Les d\u00e9placements se font en transports en commun au d\u00e9part de la gare RER Nogent sur Marne \u00e0 13h45.<\/p>\n\n\n\n<p>Les inscriptions se font aupr\u00e8s de Jean-Pierre Mellet (voir programme en premi\u00e8re page du site)<\/p>\n","protected":false},"excerpt":{"rendered":"<p>Anim\u00e9es par Jean-Pierre Une fois par mois, le Club propose une balade d\u00e9couverte (ou red\u00e9couverte) en r\u00e9gion parisienne. C&rsquo;est une marche tranquille de 5 \u00e0 7 km pour profiter de l&rsquo;environnement dans des endroits agr\u00e9ables : bords de Marne, de la Seine ou circuits en campagne dans les Yvelines, l&rsquo;Essonne ou dans Paris, selon les [&hellip;]<\/p>\n","protected":false},"author":2,"featured_media":0,"parent":0,"menu_order":0,"comment_status":"closed","ping_status":"closed","template":"","meta":{"iawp_total_views":137,"footnotes":""},"class_list":["post-730","page","type-page","status-publish","hentry"],"_links":{"self":[{"href":"https:\/\/club-beaute-plaisance.fr\/wordpress\/index.php\/wp-json\/wp\/v2\/pages\/730","targetHints":{"allow":["GET"]}}],"collection":[{"href":"https:\/\/club-beaute-plaisance.fr\/wordpress\/index.php\/wp-json\/wp\/v2\/pages"}],"about":[{"href":"https:\/\/club-beaute-plaisance.fr\/wordpress\/index.php\/wp-json\/wp\/v2\/types\/page"}],"author":[{"embeddable":true,"href":"https:\/\/club-beaute-plaisance.fr\/wordpress\/index.php\/wp-json\/wp\/v2\/users\/2"}],"replies":[{"embeddable":true,"href":"https:\/\/club-beaute-plaisance.fr\/wordpress\/index.php\/wp-json\/wp\/v2\/comments?post=730"}],"version-history":[{"count":2,"href":"https:\/\/club-beaute-plaisance.fr\/wordpress\/index.php\/wp-json\/wp\/v2\/pages\/730\/revisions"}],"predecessor-version":[{"id":997,"href":"https:\/\/club-beaute-plaisance.fr\/wordpress\/index.php\/wp-json\/wp\/v2\/pages\/730\/revisions\/997"}],"wp:attachment":[{"href":"https:\/\/club-beaute-plaisance.fr\/wordpress\/index.php\/wp-json\/wp\/v2\/media?parent=730"}],"curies":[{"name":"wp","href":"https:\/\/api.w.org\/{rel}","templated":true}]}}