{"id":72,"date":"2024-10-06T16:58:32","date_gmt":"2024-10-06T14:58:32","guid":{"rendered":"https:\/\/club-beaute-plaisance.fr\/wordpress\/?page_id=72"},"modified":"2026-01-16T16:27:17","modified_gmt":"2026-01-16T15:27:17","slug":"activites","status":"publish","type":"page","link":"https:\/\/club-beaute-plaisance.fr\/wordpress\/index.php\/activites\/","title":{"rendered":"Activit\u00e9s"},"content":{"rendered":"\n<p>Le club propose de fa\u00e7on r\u00e9guli\u00e8re des activit\u00e9s de diff\u00e9rents types : cr\u00e9atives, sportives, culturelles, ludiques.<\/p>\n\n\n\n<p>Il propose \u00e9galement des activit\u00e9s ponctuelles telles que des moments festifs ou des sorties.<\/p>\n\n\n\n<p><\/p>\n\n\n\n<p><\/p>\n","protected":false},"excerpt":{"rendered":"<p>Le club propose de fa\u00e7on r\u00e9guli\u00e8re des activit\u00e9s de diff\u00e9rents types : cr\u00e9atives, sportives, culturelles, ludiques. Il propose \u00e9galement des activit\u00e9s ponctuelles telles que des moments festifs ou des sorties.<\/p>\n","protected":false},"author":2,"featured_media":0,"parent":0,"menu_order":0,"comment_status":"closed","ping_status":"closed","template":"","meta":{"iawp_total_views":564,"footnotes":""},"class_list":["post-72","page","type-page","status-publish","hentry"],"_links":{"self":[{"href":"https:\/\/club-beaute-plaisance.fr\/wordpress\/index.php\/wp-json\/wp\/v2\/pages\/72","targetHints":{"allow":["GET"]}}],"collection":[{"href":"https:\/\/club-beaute-plaisance.fr\/wordpress\/index.php\/wp-json\/wp\/v2\/pages"}],"about":[{"href":"https:\/\/club-beaute-plaisance.fr\/wordpress\/index.php\/wp-json\/wp\/v2\/types\/page"}],"author":[{"embeddable":true,"href":"https:\/\/club-beaute-plaisance.fr\/wordpress\/index.php\/wp-json\/wp\/v2\/users\/2"}],"replies":[{"embeddable":true,"href":"https:\/\/club-beaute-plaisance.fr\/wordpress\/index.php\/wp-json\/wp\/v2\/comments?post=72"}],"version-history":[{"count":3,"href":"https:\/\/club-beaute-plaisance.fr\/wordpress\/index.php\/wp-json\/wp\/v2\/pages\/72\/revisions"}],"predecessor-version":[{"id":902,"href":"https:\/\/club-beaute-plaisance.fr\/wordpress\/index.php\/wp-json\/wp\/v2\/pages\/72\/revisions\/902"}],"wp:attachment":[{"href":"https:\/\/club-beaute-plaisance.fr\/wordpress\/index.php\/wp-json\/wp\/v2\/media?parent=72"}],"curies":[{"name":"wp","href":"https:\/\/api.w.org\/{rel}","templated":true}]}}