{"id":266,"date":"2024-10-07T10:50:13","date_gmt":"2024-10-07T08:50:13","guid":{"rendered":"https:\/\/club-beaute-plaisance.fr\/wordpress\/?page_id=266"},"modified":"2026-01-29T12:17:52","modified_gmt":"2026-01-29T11:17:52","slug":"jeux-de-societe","status":"publish","type":"page","link":"https:\/\/club-beaute-plaisance.fr\/wordpress\/index.php\/jeux-de-societe\/","title":{"rendered":"Jeux de Soci\u00e9t\u00e9 &#8211; Jeux de cartes &#8211; Scrabble"},"content":{"rendered":"\n<h1 class=\"wp-block-heading\">Jeux de Soci\u00e9t\u00e9 &#8211; Jeux de cartes &#8211; Scrabble<\/h1>\n\n\n\n<p>Tous les mardis et jeudis de 14h00 \u00e0 17h00 au Club Lyautey<\/p>\n","protected":false},"excerpt":{"rendered":"<p>Jeux de Soci\u00e9t\u00e9 &#8211; Jeux de cartes &#8211; Scrabble Tous les mardis et jeudis de 14h00 \u00e0 17h00 au Club Lyautey<\/p>\n","protected":false},"author":2,"featured_media":0,"parent":0,"menu_order":0,"comment_status":"closed","ping_status":"closed","template":"","meta":{"iawp_total_views":71,"footnotes":""},"class_list":["post-266","page","type-page","status-publish","hentry"],"_links":{"self":[{"href":"https:\/\/club-beaute-plaisance.fr\/wordpress\/index.php\/wp-json\/wp\/v2\/pages\/266","targetHints":{"allow":["GET"]}}],"collection":[{"href":"https:\/\/club-beaute-plaisance.fr\/wordpress\/index.php\/wp-json\/wp\/v2\/pages"}],"about":[{"href":"https:\/\/club-beaute-plaisance.fr\/wordpress\/index.php\/wp-json\/wp\/v2\/types\/page"}],"author":[{"embeddable":true,"href":"https:\/\/club-beaute-plaisance.fr\/wordpress\/index.php\/wp-json\/wp\/v2\/users\/2"}],"replies":[{"embeddable":true,"href":"https:\/\/club-beaute-plaisance.fr\/wordpress\/index.php\/wp-json\/wp\/v2\/comments?post=266"}],"version-history":[{"count":6,"href":"https:\/\/club-beaute-plaisance.fr\/wordpress\/index.php\/wp-json\/wp\/v2\/pages\/266\/revisions"}],"predecessor-version":[{"id":921,"href":"https:\/\/club-beaute-plaisance.fr\/wordpress\/index.php\/wp-json\/wp\/v2\/pages\/266\/revisions\/921"}],"wp:attachment":[{"href":"https:\/\/club-beaute-plaisance.fr\/wordpress\/index.php\/wp-json\/wp\/v2\/media?parent=266"}],"curies":[{"name":"wp","href":"https:\/\/api.w.org\/{rel}","templated":true}]}}