{"id":264,"date":"2024-10-07T10:49:57","date_gmt":"2024-10-07T08:49:57","guid":{"rendered":"https:\/\/club-beaute-plaisance.fr\/wordpress\/?page_id=264"},"modified":"2026-03-22T13:30:35","modified_gmt":"2026-03-22T12:30:35","slug":"danses-en-ligne-et-danses-country","status":"publish","type":"page","link":"https:\/\/club-beaute-plaisance.fr\/wordpress\/index.php\/danses-en-ligne-et-danses-country\/","title":{"rendered":"Danses en ligne et Danses Country"},"content":{"rendered":"\n\n\n<div class=\"wp-block-image\">\n<figure class=\"aligncenter size-large is-resized\"><img loading=\"lazy\" decoding=\"async\" width=\"1024\" height=\"768\" src=\"https:\/\/club-beaute-plaisance.fr\/wordpress\/wp-content\/uploads\/2024\/11\/P1000805-1024x768.jpg\" alt=\"\" class=\"wp-image-342\" style=\"width:311px;height:auto\" srcset=\"https:\/\/club-beaute-plaisance.fr\/wordpress\/wp-content\/uploads\/2024\/11\/P1000805-1024x768.jpg 1024w, https:\/\/club-beaute-plaisance.fr\/wordpress\/wp-content\/uploads\/2024\/11\/P1000805-300x225.jpg 300w, https:\/\/club-beaute-plaisance.fr\/wordpress\/wp-content\/uploads\/2024\/11\/P1000805-768x576.jpg 768w, https:\/\/club-beaute-plaisance.fr\/wordpress\/wp-content\/uploads\/2024\/11\/P1000805-1536x1152.jpg 1536w, https:\/\/club-beaute-plaisance.fr\/wordpress\/wp-content\/uploads\/2024\/11\/P1000805-2048x1536.jpg 2048w\" sizes=\"auto, (max-width: 1024px) 100vw, 1024px\" \/><\/figure>\n<\/div>\n\n\n<p><strong>Anim\u00e9 par Aline<\/strong><\/p>\n\n\n\n<p><strong>Le mardi de 14h30 \u00e0 16h45 Salle Emile Zola<\/strong><\/p>\n\n\n\n<p class=\"has-vivid-cyan-blue-color has-text-color has-link-color wp-elements-55fa790d8026b4fbcc6b7d1ef9851096\" style=\"font-size:18px\"><strong><em>La danse en lignes permet \u00e0 chacun de danser individuellement sur tous les rythmes, valse, tango, paso, cha-cha, rock, tarentelle, fox trot, quick-step, sirtaki etc&#8230;<\/em><\/strong><\/p>\n\n\n\n<p class=\"has-vivid-cyan-blue-color has-text-color has-link-color wp-elements-1ad63d1e0855879fac594a122df105d0\" style=\"font-size:18px\"><strong><em>Cette pratique, tr\u00e8s pris\u00e9e dans les bals traditionnels et apr\u00e8s-midis dansants en raison du manque de danseurs masculins, permet \u00e0 ces dames de pratiquer leur passion individuellement au sein d&rsquo;un groupe.<\/em><\/strong><\/p>\n\n\n\n<p class=\"has-vivid-cyan-blue-color has-text-color has-link-color wp-elements-d7fb0518fc028a3a9bfc706e4decc849\" style=\"font-size:18px\"><strong><em>Les hommes sont bien entendu \u00e9galement les bienvenus pour d\u00e9couvrir cette pratique ou perfectionner leur technique sur des rythmes vari\u00e9s.<\/em><\/strong><\/p>\n\n\n\n<p class=\"has-vivid-cyan-blue-color has-text-color has-link-color wp-elements-2fefb4c6f3930827a1a7bd4f5b05cdd1\" style=\"font-size:18px\"><strong><em>N&rsquo;h\u00e9sitez pas \u00e0 nous rejoindre pour am\u00e9liorer vos pas de danse dans une ambiance conviviale et sympathique.<\/em><\/strong><\/p>\n\n\n\n<figure class=\"wp-block-pullquote has-vivid-cyan-blue-color has-text-color has-link-color wp-elements-c7882a89af452908a7b458170c72bce9\" style=\"font-size:9px\"><blockquote><p>Pourquoi faire de la danse en lignes et de la danse Country ?<br>1) Parce que c&rsquo;est accessible \u00e0 tous et \u00e0 tous les \u00e2ges.<br>2) Parce que c&rsquo;est excellent pour la m\u00e9moire, la concentration et la coordination donc bon pour la forme.<br>3) Parce que l&rsquo;on peut danser seul(e), pas besoin de partenaire.<br>4) Parce que la musique country regroupe un \u00e9ventail tr\u00e8s vari\u00e9 de styles et de rythmes.<br>5) Parce que les chor\u00e9graphies sont tr\u00e8s vari\u00e9es (des plus simples aux plus compliqu\u00e9es)<br>6) Parce qu&rsquo;il y en a pour tous les go\u00fbts.<br>7) Et parce que tout \u00e7a:<br>&nbsp;&nbsp;&nbsp;&nbsp;&nbsp;&nbsp;&nbsp;&nbsp;&nbsp;&nbsp;&nbsp;&nbsp;&nbsp;&nbsp;&nbsp;&nbsp;&nbsp;&nbsp;&nbsp;&nbsp;&nbsp;&nbsp;&nbsp;&nbsp;C&rsquo;est bon pour le moral !!<br>Alors \u00e0 bient\u00f4t !&#8230;<br><\/p><\/blockquote><\/figure>\n","protected":false},"excerpt":{"rendered":"<p>Anim\u00e9 par Aline Le mardi de 14h30 \u00e0 16h45 Salle Emile Zola La danse en lignes permet \u00e0 chacun de danser individuellement sur tous les rythmes, valse, tango, paso, cha-cha, rock, tarentelle, fox trot, quick-step, sirtaki etc&#8230; Cette pratique, tr\u00e8s pris\u00e9e dans les bals traditionnels et apr\u00e8s-midis dansants en raison du manque de danseurs masculins, [&hellip;]<\/p>\n","protected":false},"author":2,"featured_media":0,"parent":0,"menu_order":0,"comment_status":"closed","ping_status":"closed","template":"","meta":{"iawp_total_views":84,"footnotes":""},"class_list":["post-264","page","type-page","status-publish","hentry"],"_links":{"self":[{"href":"https:\/\/club-beaute-plaisance.fr\/wordpress\/index.php\/wp-json\/wp\/v2\/pages\/264","targetHints":{"allow":["GET"]}}],"collection":[{"href":"https:\/\/club-beaute-plaisance.fr\/wordpress\/index.php\/wp-json\/wp\/v2\/pages"}],"about":[{"href":"https:\/\/club-beaute-plaisance.fr\/wordpress\/index.php\/wp-json\/wp\/v2\/types\/page"}],"author":[{"embeddable":true,"href":"https:\/\/club-beaute-plaisance.fr\/wordpress\/index.php\/wp-json\/wp\/v2\/users\/2"}],"replies":[{"embeddable":true,"href":"https:\/\/club-beaute-plaisance.fr\/wordpress\/index.php\/wp-json\/wp\/v2\/comments?post=264"}],"version-history":[{"count":16,"href":"https:\/\/club-beaute-plaisance.fr\/wordpress\/index.php\/wp-json\/wp\/v2\/pages\/264\/revisions"}],"predecessor-version":[{"id":1001,"href":"https:\/\/club-beaute-plaisance.fr\/wordpress\/index.php\/wp-json\/wp\/v2\/pages\/264\/revisions\/1001"}],"wp:attachment":[{"href":"https:\/\/club-beaute-plaisance.fr\/wordpress\/index.php\/wp-json\/wp\/v2\/media?parent=264"}],"curies":[{"name":"wp","href":"https:\/\/api.w.org\/{rel}","templated":true}]}}