{"id":258,"date":"2024-10-07T10:48:39","date_gmt":"2024-10-07T08:48:39","guid":{"rendered":"https:\/\/club-beaute-plaisance.fr\/wordpress\/?page_id=258"},"modified":"2026-03-22T13:28:02","modified_gmt":"2026-03-22T12:28:02","slug":"anglais","status":"publish","type":"page","link":"https:\/\/club-beaute-plaisance.fr\/wordpress\/index.php\/anglais\/","title":{"rendered":"Anglais"},"content":{"rendered":"\n<h1 class=\"wp-block-heading\">Anglais<\/h1>\n\n\n\n<p><strong>Anim\u00e9 par Brigitte<\/strong><\/p>\n\n\n\n<p>Le lundi <\/p>\n\n\n\n<ul class=\"wp-block-list\">\n<li>\u00e0 13h45 pour les d\u00e9butants<\/li>\n\n\n\n<li>\u00e0 15h15 pour les confirm\u00e9s<\/li>\n<\/ul>\n\n\n\n<p><strong>au Club Lyautey<\/strong><\/p>\n\n\n\n<p>Anglais pour d\u00e9butants et confirm\u00e9s<\/p>\n\n\n\n<p>Vous souhaitez parler anglais, am\u00e9liorer vos connaissances ou tout simplement converser?<\/p>\n\n\n\n<p>Deux groupes vous sont propos\u00e9s :<\/p>\n\n\n\n<p>Tous les lundis &nbsp;de 13h45 \u00e0 15h15 et de 15h15 \u00e0 17h00, initiation, conversation et r\u00e9flexion sur des th\u00e9matiques culturelles.<\/p>\n\n\n\n<p>Ambiance conviviale et sorties (mus\u00e9e, conf\u00e9rences, tea-time..)<\/p>\n","protected":false},"excerpt":{"rendered":"<p>Anglais Anim\u00e9 par Brigitte Le lundi au Club Lyautey Anglais pour d\u00e9butants et confirm\u00e9s Vous souhaitez parler anglais, am\u00e9liorer vos connaissances ou tout simplement converser? Deux groupes vous sont propos\u00e9s : Tous les lundis &nbsp;de 13h45 \u00e0 15h15 et de 15h15 \u00e0 17h00, initiation, conversation et r\u00e9flexion sur des th\u00e9matiques culturelles. Ambiance conviviale et sorties [&hellip;]<\/p>\n","protected":false},"author":2,"featured_media":0,"parent":0,"menu_order":0,"comment_status":"closed","ping_status":"closed","template":"","meta":{"iawp_total_views":69,"footnotes":""},"class_list":["post-258","page","type-page","status-publish","hentry"],"_links":{"self":[{"href":"https:\/\/club-beaute-plaisance.fr\/wordpress\/index.php\/wp-json\/wp\/v2\/pages\/258","targetHints":{"allow":["GET"]}}],"collection":[{"href":"https:\/\/club-beaute-plaisance.fr\/wordpress\/index.php\/wp-json\/wp\/v2\/pages"}],"about":[{"href":"https:\/\/club-beaute-plaisance.fr\/wordpress\/index.php\/wp-json\/wp\/v2\/types\/page"}],"author":[{"embeddable":true,"href":"https:\/\/club-beaute-plaisance.fr\/wordpress\/index.php\/wp-json\/wp\/v2\/users\/2"}],"replies":[{"embeddable":true,"href":"https:\/\/club-beaute-plaisance.fr\/wordpress\/index.php\/wp-json\/wp\/v2\/comments?post=258"}],"version-history":[{"count":5,"href":"https:\/\/club-beaute-plaisance.fr\/wordpress\/index.php\/wp-json\/wp\/v2\/pages\/258\/revisions"}],"predecessor-version":[{"id":995,"href":"https:\/\/club-beaute-plaisance.fr\/wordpress\/index.php\/wp-json\/wp\/v2\/pages\/258\/revisions\/995"}],"wp:attachment":[{"href":"https:\/\/club-beaute-plaisance.fr\/wordpress\/index.php\/wp-json\/wp\/v2\/media?parent=258"}],"curies":[{"name":"wp","href":"https:\/\/api.w.org\/{rel}","templated":true}]}}