{"id":256,"date":"2024-10-07T10:48:26","date_gmt":"2024-10-07T08:48:26","guid":{"rendered":"https:\/\/club-beaute-plaisance.fr\/wordpress\/?page_id=256"},"modified":"2025-02-09T17:32:19","modified_gmt":"2025-02-09T16:32:19","slug":"reveil-en-douceur","status":"publish","type":"page","link":"https:\/\/club-beaute-plaisance.fr\/wordpress\/index.php\/reveil-en-douceur\/","title":{"rendered":"R\u00e9veil en Douceur"},"content":{"rendered":"\n<p><strong>R\u00e9veil en douceur<\/strong><\/p>\n\n\n\n<p>Tous les mardis de <strong>9h30 \u00e0 10h20 <\/strong>Salle Emile Zola<\/p>\n\n\n\n<p>Avec une musique douce, respiration et \u00e9tirements, vous permettrons de d\u00e9marrer la journ\u00e9e en pleine forme.<\/p>\n\n\n\n<p>Responsable : Aline Rasquin<\/p>\n","protected":false},"excerpt":{"rendered":"<p>R\u00e9veil en douceur Tous les mardis de 9h30 \u00e0 10h20 Salle Emile Zola Avec une musique douce, respiration et \u00e9tirements, vous permettrons de d\u00e9marrer la journ\u00e9e en pleine forme. Responsable : Aline Rasquin<\/p>\n","protected":false},"author":2,"featured_media":0,"parent":0,"menu_order":0,"comment_status":"closed","ping_status":"closed","template":"","meta":{"iawp_total_views":102,"footnotes":""},"class_list":["post-256","page","type-page","status-publish","hentry"],"_links":{"self":[{"href":"https:\/\/club-beaute-plaisance.fr\/wordpress\/index.php\/wp-json\/wp\/v2\/pages\/256","targetHints":{"allow":["GET"]}}],"collection":[{"href":"https:\/\/club-beaute-plaisance.fr\/wordpress\/index.php\/wp-json\/wp\/v2\/pages"}],"about":[{"href":"https:\/\/club-beaute-plaisance.fr\/wordpress\/index.php\/wp-json\/wp\/v2\/types\/page"}],"author":[{"embeddable":true,"href":"https:\/\/club-beaute-plaisance.fr\/wordpress\/index.php\/wp-json\/wp\/v2\/users\/2"}],"replies":[{"embeddable":true,"href":"https:\/\/club-beaute-plaisance.fr\/wordpress\/index.php\/wp-json\/wp\/v2\/comments?post=256"}],"version-history":[{"count":5,"href":"https:\/\/club-beaute-plaisance.fr\/wordpress\/index.php\/wp-json\/wp\/v2\/pages\/256\/revisions"}],"predecessor-version":[{"id":749,"href":"https:\/\/club-beaute-plaisance.fr\/wordpress\/index.php\/wp-json\/wp\/v2\/pages\/256\/revisions\/749"}],"wp:attachment":[{"href":"https:\/\/club-beaute-plaisance.fr\/wordpress\/index.php\/wp-json\/wp\/v2\/media?parent=256"}],"curies":[{"name":"wp","href":"https:\/\/api.w.org\/{rel}","templated":true}]}}