{"id":246,"date":"2024-10-07T10:47:04","date_gmt":"2024-10-07T08:47:04","guid":{"rendered":"https:\/\/club-beaute-plaisance.fr\/wordpress\/?page_id=246"},"modified":"2025-02-21T16:02:49","modified_gmt":"2025-02-21T15:02:49","slug":"origami","status":"publish","type":"page","link":"https:\/\/club-beaute-plaisance.fr\/wordpress\/index.php\/origami\/","title":{"rendered":"Origami"},"content":{"rendered":"<div class=\"wp-block-image\">\n<figure class=\"aligncenter size-large is-resized\"><img loading=\"lazy\" decoding=\"async\" width=\"768\" height=\"1024\" src=\"https:\/\/club-beaute-plaisance.fr\/wordpress\/wp-content\/uploads\/2025\/02\/20231215_185942-768x1024.jpg\" alt=\"\" class=\"wp-image-811\" style=\"width:341px;height:auto\" srcset=\"https:\/\/club-beaute-plaisance.fr\/wordpress\/wp-content\/uploads\/2025\/02\/20231215_185942-768x1024.jpg 768w, https:\/\/club-beaute-plaisance.fr\/wordpress\/wp-content\/uploads\/2025\/02\/20231215_185942-225x300.jpg 225w, https:\/\/club-beaute-plaisance.fr\/wordpress\/wp-content\/uploads\/2025\/02\/20231215_185942.jpg 1000w\" sizes=\"auto, (max-width: 768px) 100vw, 768px\" \/><\/figure>\n<\/div>\n\n\n<h2 class=\"wp-block-heading has-text-align-center\">Origami<\/h2>\n\n\n\n<p class=\"has-text-align-center\"><strong>L&rsquo;art du papier pli\u00e9<\/strong><\/p>\n\n\n\n<p><strong>Activit\u00e9 anim\u00e9e par<\/strong><\/p>\n\n\n\n<p class=\"has-text-align-left\"><strong>Aline Rasquin<\/strong><\/p>\n\n\n\n<p><strong>Le lundi de 14h30 \u00e0 17h00 au Club Lyautey de Septembre \u00e0 D\u00e9cembre<\/strong><\/p>\n\n\n\n<p><em>D&rsquo;origine japonaise, l&rsquo;Origami constitue une activit\u00e9 agr\u00e9able, une occasion de partager ses id\u00e9es et de cr\u00e9er de la Beaut\u00e9.<\/em><\/p>\n\n\n\n<p><em>Cette activit\u00e9 est ouverte \u00e0 tous les adh\u00e9rents du Club Beaut\u00e9 Plaisance \u00e0 jour de leur cotisation.<\/em><\/p>\n\n\n\n<figure class=\"wp-block-gallery has-nested-images columns-default is-cropped wp-block-gallery-1 is-layout-flex wp-block-gallery-is-layout-flex\">\n<figure class=\"wp-block-image size-large\"><img loading=\"lazy\" decoding=\"async\" width=\"730\" height=\"730\" data-id=\"815\" src=\"https:\/\/club-beaute-plaisance.fr\/wordpress\/wp-content\/uploads\/2025\/02\/IMAG3274_1.jpg\" alt=\"\" class=\"wp-image-815\" srcset=\"https:\/\/club-beaute-plaisance.fr\/wordpress\/wp-content\/uploads\/2025\/02\/IMAG3274_1.jpg 730w, https:\/\/club-beaute-plaisance.fr\/wordpress\/wp-content\/uploads\/2025\/02\/IMAG3274_1-300x300.jpg 300w, https:\/\/club-beaute-plaisance.fr\/wordpress\/wp-content\/uploads\/2025\/02\/IMAG3274_1-150x150.jpg 150w\" sizes=\"auto, (max-width: 730px) 100vw, 730px\" \/><\/figure>\n\n\n\n<figure class=\"wp-block-image size-large\"><img loading=\"lazy\" decoding=\"async\" width=\"1024\" height=\"579\" data-id=\"814\" src=\"https:\/\/club-beaute-plaisance.fr\/wordpress\/wp-content\/uploads\/2025\/02\/IMAG2750-1024x579.jpg\" alt=\"\" class=\"wp-image-814\" srcset=\"https:\/\/club-beaute-plaisance.fr\/wordpress\/wp-content\/uploads\/2025\/02\/IMAG2750-1024x579.jpg 1024w, https:\/\/club-beaute-plaisance.fr\/wordpress\/wp-content\/uploads\/2025\/02\/IMAG2750-300x170.jpg 300w, https:\/\/club-beaute-plaisance.fr\/wordpress\/wp-content\/uploads\/2025\/02\/IMAG2750-768x434.jpg 768w, https:\/\/club-beaute-plaisance.fr\/wordpress\/wp-content\/uploads\/2025\/02\/IMAG2750.jpg 1344w\" sizes=\"auto, (max-width: 1024px) 100vw, 1024px\" \/><\/figure>\n\n\n\n<figure class=\"wp-block-image size-large\"><img loading=\"lazy\" decoding=\"async\" width=\"579\" height=\"1024\" data-id=\"813\" src=\"https:\/\/club-beaute-plaisance.fr\/wordpress\/wp-content\/uploads\/2025\/02\/IMAG2740-1-579x1024.jpg\" alt=\"\" class=\"wp-image-813\" srcset=\"https:\/\/club-beaute-plaisance.fr\/wordpress\/wp-content\/uploads\/2025\/02\/IMAG2740-1-579x1024.jpg 579w, https:\/\/club-beaute-plaisance.fr\/wordpress\/wp-content\/uploads\/2025\/02\/IMAG2740-1-170x300.jpg 170w, https:\/\/club-beaute-plaisance.fr\/wordpress\/wp-content\/uploads\/2025\/02\/IMAG2740-1.jpg 760w\" sizes=\"auto, (max-width: 579px) 100vw, 579px\" \/><\/figure>\n\n\n\n<figure class=\"wp-block-image size-large\"><img loading=\"lazy\" decoding=\"async\" width=\"1000\" height=\"750\" data-id=\"812\" src=\"https:\/\/club-beaute-plaisance.fr\/wordpress\/wp-content\/uploads\/2025\/02\/20241019_182345.jpg\" alt=\"\" class=\"wp-image-812\" srcset=\"https:\/\/club-beaute-plaisance.fr\/wordpress\/wp-content\/uploads\/2025\/02\/20241019_182345.jpg 1000w, https:\/\/club-beaute-plaisance.fr\/wordpress\/wp-content\/uploads\/2025\/02\/20241019_182345-300x225.jpg 300w, https:\/\/club-beaute-plaisance.fr\/wordpress\/wp-content\/uploads\/2025\/02\/20241019_182345-768x576.jpg 768w\" sizes=\"auto, (max-width: 1000px) 100vw, 1000px\" \/><\/figure>\n\n\n\n<figure class=\"wp-block-image size-large\"><img loading=\"lazy\" decoding=\"async\" width=\"768\" height=\"1024\" data-id=\"784\" src=\"https:\/\/club-beaute-plaisance.fr\/wordpress\/wp-content\/uploads\/2025\/02\/20241019_182300-768x1024.jpg\" alt=\"\" class=\"wp-image-784\" srcset=\"https:\/\/club-beaute-plaisance.fr\/wordpress\/wp-content\/uploads\/2025\/02\/20241019_182300-768x1024.jpg 768w, https:\/\/club-beaute-plaisance.fr\/wordpress\/wp-content\/uploads\/2025\/02\/20241019_182300-225x300.jpg 225w, https:\/\/club-beaute-plaisance.fr\/wordpress\/wp-content\/uploads\/2025\/02\/20241019_182300-1152x1536.jpg 1152w, https:\/\/club-beaute-plaisance.fr\/wordpress\/wp-content\/uploads\/2025\/02\/20241019_182300-1536x2048.jpg 1536w, https:\/\/club-beaute-plaisance.fr\/wordpress\/wp-content\/uploads\/2025\/02\/20241019_182300-scaled.jpg 1920w\" sizes=\"auto, (max-width: 768px) 100vw, 768px\" \/><\/figure>\n\n\n\n<figure class=\"wp-block-image size-large\"><img loading=\"lazy\" decoding=\"async\" width=\"768\" height=\"1024\" data-id=\"783\" src=\"https:\/\/club-beaute-plaisance.fr\/wordpress\/wp-content\/uploads\/2025\/02\/20241019_182142-768x1024.jpg\" alt=\"\" class=\"wp-image-783\" srcset=\"https:\/\/club-beaute-plaisance.fr\/wordpress\/wp-content\/uploads\/2025\/02\/20241019_182142-768x1024.jpg 768w, https:\/\/club-beaute-plaisance.fr\/wordpress\/wp-content\/uploads\/2025\/02\/20241019_182142-225x300.jpg 225w, https:\/\/club-beaute-plaisance.fr\/wordpress\/wp-content\/uploads\/2025\/02\/20241019_182142-1152x1536.jpg 1152w, https:\/\/club-beaute-plaisance.fr\/wordpress\/wp-content\/uploads\/2025\/02\/20241019_182142-1536x2048.jpg 1536w, https:\/\/club-beaute-plaisance.fr\/wordpress\/wp-content\/uploads\/2025\/02\/20241019_182142-scaled.jpg 1920w\" sizes=\"auto, (max-width: 768px) 100vw, 768px\" \/><\/figure>\n\n\n\n<figure class=\"wp-block-image size-large\"><img loading=\"lazy\" decoding=\"async\" width=\"1024\" height=\"579\" data-id=\"363\" src=\"https:\/\/club-beaute-plaisance.fr\/wordpress\/wp-content\/uploads\/2024\/11\/IMAG2675-1-1024x579.jpg\" alt=\"\" class=\"wp-image-363\" srcset=\"https:\/\/club-beaute-plaisance.fr\/wordpress\/wp-content\/uploads\/2024\/11\/IMAG2675-1-1024x579.jpg 1024w, https:\/\/club-beaute-plaisance.fr\/wordpress\/wp-content\/uploads\/2024\/11\/IMAG2675-1-300x170.jpg 300w, https:\/\/club-beaute-plaisance.fr\/wordpress\/wp-content\/uploads\/2024\/11\/IMAG2675-1-768x434.jpg 768w, https:\/\/club-beaute-plaisance.fr\/wordpress\/wp-content\/uploads\/2024\/11\/IMAG2675-1-1536x869.jpg 1536w, https:\/\/club-beaute-plaisance.fr\/wordpress\/wp-content\/uploads\/2024\/11\/IMAG2675-1-2048x1158.jpg 2048w\" sizes=\"auto, (max-width: 1024px) 100vw, 1024px\" \/><\/figure>\n<\/figure>\n","protected":false},"excerpt":{"rendered":"<p>Origami L&rsquo;art du papier pli\u00e9 Activit\u00e9 anim\u00e9e par Aline Rasquin Le lundi de 14h30 \u00e0 17h00 au Club Lyautey de Septembre \u00e0 D\u00e9cembre D&rsquo;origine japonaise, l&rsquo;Origami constitue une activit\u00e9 agr\u00e9able, une occasion de partager ses id\u00e9es et de cr\u00e9er de la Beaut\u00e9. Cette activit\u00e9 est ouverte \u00e0 tous les adh\u00e9rents du Club Beaut\u00e9 Plaisance \u00e0 [&hellip;]<\/p>\n","protected":false},"author":2,"featured_media":0,"parent":0,"menu_order":0,"comment_status":"closed","ping_status":"closed","template":"","meta":{"iawp_total_views":55,"footnotes":""},"class_list":["post-246","page","type-page","status-publish","hentry"],"_links":{"self":[{"href":"https:\/\/club-beaute-plaisance.fr\/wordpress\/index.php\/wp-json\/wp\/v2\/pages\/246","targetHints":{"allow":["GET"]}}],"collection":[{"href":"https:\/\/club-beaute-plaisance.fr\/wordpress\/index.php\/wp-json\/wp\/v2\/pages"}],"about":[{"href":"https:\/\/club-beaute-plaisance.fr\/wordpress\/index.php\/wp-json\/wp\/v2\/types\/page"}],"author":[{"embeddable":true,"href":"https:\/\/club-beaute-plaisance.fr\/wordpress\/index.php\/wp-json\/wp\/v2\/users\/2"}],"replies":[{"embeddable":true,"href":"https:\/\/club-beaute-plaisance.fr\/wordpress\/index.php\/wp-json\/wp\/v2\/comments?post=246"}],"version-history":[{"count":12,"href":"https:\/\/club-beaute-plaisance.fr\/wordpress\/index.php\/wp-json\/wp\/v2\/pages\/246\/revisions"}],"predecessor-version":[{"id":818,"href":"https:\/\/club-beaute-plaisance.fr\/wordpress\/index.php\/wp-json\/wp\/v2\/pages\/246\/revisions\/818"}],"wp:attachment":[{"href":"https:\/\/club-beaute-plaisance.fr\/wordpress\/index.php\/wp-json\/wp\/v2\/media?parent=246"}],"curies":[{"name":"wp","href":"https:\/\/api.w.org\/{rel}","templated":true}]}}