{"id":230,"date":"2024-10-07T10:42:33","date_gmt":"2024-10-07T08:42:33","guid":{"rendered":"https:\/\/club-beaute-plaisance.fr\/wordpress\/?page_id=230"},"modified":"2025-01-29T17:18:07","modified_gmt":"2025-01-29T16:18:07","slug":"organisation","status":"publish","type":"page","link":"https:\/\/club-beaute-plaisance.fr\/wordpress\/index.php\/organisation\/","title":{"rendered":"Organisation"},"content":{"rendered":"\n<div class=\"wp-block-columns is-layout-flex wp-container-core-columns-is-layout-9d6595d7 wp-block-columns-is-layout-flex\">\n<div class=\"wp-block-column is-layout-flow wp-block-column-is-layout-flow\" style=\"flex-basis:33.33%\"><\/div>\n\n\n\n<div class=\"wp-block-column is-layout-flow wp-block-column-is-layout-flow\" style=\"flex-basis:66.66%\">\n<p><em><strong>Composition du Bureau du Club Beaut\u00e9 Plaisance<\/strong><\/em><br><br><strong><em>&#8211; Pr\u00e9sidente : Aline RASQUIN<\/em><\/strong><br><strong><em>&#8211; Vice-Pr\u00e9sidente : Annie JUDIC<\/em><\/strong><br><strong><em>&#8211; Secr\u00e9taire : Marie-Claude GIRODON<\/em><\/strong><br><strong><em>&#8211; Secr\u00e9taire adjointe : Huguette GASNIER<\/em><\/strong><br><strong><em>&#8211; Tr\u00e9sori\u00e8re : Colette BREANT<\/em><\/strong><br><strong><em>&#8211; Tr\u00e9sori\u00e8re adjointe : Jacqueline VASSEUR<\/em><\/strong><\/p>\n\n\n\n<p><\/p>\n<\/div>\n<\/div>\n","protected":false},"excerpt":{"rendered":"<p>Composition du Bureau du Club Beaut\u00e9 Plaisance &#8211; Pr\u00e9sidente : Aline RASQUIN&#8211; Vice-Pr\u00e9sidente : Annie JUDIC&#8211; Secr\u00e9taire : Marie-Claude GIRODON&#8211; Secr\u00e9taire adjointe : Huguette GASNIER&#8211; Tr\u00e9sori\u00e8re : Colette BREANT&#8211; Tr\u00e9sori\u00e8re adjointe : Jacqueline VASSEUR<\/p>\n","protected":false},"author":2,"featured_media":0,"parent":0,"menu_order":0,"comment_status":"closed","ping_status":"closed","template":"","meta":{"iawp_total_views":310,"footnotes":""},"class_list":["post-230","page","type-page","status-publish","hentry"],"_links":{"self":[{"href":"https:\/\/club-beaute-plaisance.fr\/wordpress\/index.php\/wp-json\/wp\/v2\/pages\/230","targetHints":{"allow":["GET"]}}],"collection":[{"href":"https:\/\/club-beaute-plaisance.fr\/wordpress\/index.php\/wp-json\/wp\/v2\/pages"}],"about":[{"href":"https:\/\/club-beaute-plaisance.fr\/wordpress\/index.php\/wp-json\/wp\/v2\/types\/page"}],"author":[{"embeddable":true,"href":"https:\/\/club-beaute-plaisance.fr\/wordpress\/index.php\/wp-json\/wp\/v2\/users\/2"}],"replies":[{"embeddable":true,"href":"https:\/\/club-beaute-plaisance.fr\/wordpress\/index.php\/wp-json\/wp\/v2\/comments?post=230"}],"version-history":[{"count":3,"href":"https:\/\/club-beaute-plaisance.fr\/wordpress\/index.php\/wp-json\/wp\/v2\/pages\/230\/revisions"}],"predecessor-version":[{"id":609,"href":"https:\/\/club-beaute-plaisance.fr\/wordpress\/index.php\/wp-json\/wp\/v2\/pages\/230\/revisions\/609"}],"wp:attachment":[{"href":"https:\/\/club-beaute-plaisance.fr\/wordpress\/index.php\/wp-json\/wp\/v2\/media?parent=230"}],"curies":[{"name":"wp","href":"https:\/\/api.w.org\/{rel}","templated":true}]}}