{"id":228,"date":"2024-10-07T10:41:37","date_gmt":"2024-10-07T08:41:37","guid":{"rendered":"https:\/\/club-beaute-plaisance.fr\/wordpress\/?page_id=228"},"modified":"2025-09-10T09:48:12","modified_gmt":"2025-09-10T07:48:12","slug":"communication","status":"publish","type":"page","link":"https:\/\/club-beaute-plaisance.fr\/wordpress\/index.php\/communication\/","title":{"rendered":"Nous rejoindre"},"content":{"rendered":"\n<p><\/p>\n\n\n\n<figure class=\"wp-block-image size-large\"><img loading=\"lazy\" decoding=\"async\" width=\"1024\" height=\"579\" src=\"https:\/\/club-beaute-plaisance.fr\/wordpress\/wp-content\/uploads\/2024\/10\/IMAG1718-1024x579.jpg\" alt=\"\" class=\"wp-image-328\" srcset=\"https:\/\/club-beaute-plaisance.fr\/wordpress\/wp-content\/uploads\/2024\/10\/IMAG1718-1024x579.jpg 1024w, https:\/\/club-beaute-plaisance.fr\/wordpress\/wp-content\/uploads\/2024\/10\/IMAG1718-300x170.jpg 300w, https:\/\/club-beaute-plaisance.fr\/wordpress\/wp-content\/uploads\/2024\/10\/IMAG1718-768x434.jpg 768w, https:\/\/club-beaute-plaisance.fr\/wordpress\/wp-content\/uploads\/2024\/10\/IMAG1718-1536x869.jpg 1536w, https:\/\/club-beaute-plaisance.fr\/wordpress\/wp-content\/uploads\/2024\/10\/IMAG1718-2048x1158.jpg 2048w\" sizes=\"auto, (max-width: 1024px) 100vw, 1024px\" \/><\/figure>\n\n\n\n<p><strong><em>Actif ou retrait\u00e9, vous recherchez un ou des loisirs, qu\u2019ils soient cr\u00e9atifs, culturels, sportifs ou ludiques. Vous trouverez au sein de notre Club la possibilit\u00e9 de pratiquer ces activit\u00e9s dans un environnement convivial favorisant le lien social.<\/em><\/strong><br><strong><em>Vous serez accueilli(e) amicalement par tous les b\u00e9n\u00e9voles qui encadrent les diff\u00e9rentes activit\u00e9s dont vous trouverez la liste dans la page \u00ab activit\u00e9s \u00bb dans le menu d\u00e9roulant<\/em><\/strong>. <em><strong>Vous trouverez tous les horaires et tous les lieux des activit\u00e9s pour la saison  2025-2026 en <a href=\"https:\/\/club-beaute-plaisance.fr\/wordpress\/wp-content\/uploads\/2025\/09\/Activites-saison-2025-2026.pdf\" data-type=\"attachment\" data-id=\"847\">cliquant ici.<\/a><\/strong><\/em><br><strong><em>En compl\u00e9ment, nous vous proposons \u00e9galement des sorties culturelles, touristiques et artistiques.<\/em><\/strong><br><strong><em>Et r\u00e9guli\u00e8rement, le Club organise en interne, des \u00e9v\u00e9nements festifs que vous retrouverez dans les pages \u00ab activit\u00e9s et communication \u00bb.<\/em><\/strong><br><strong><em>D\u00e9tente et amiti\u00e9 garanties !<\/em><\/strong><br><strong><em>N&rsquo;h\u00e9sitez-pas \u00e0 vous renseigner et \u00e0 nous rejoindre aux heures d&rsquo;ouverture des activit\u00e9s au Club Lyautey.<\/em><\/strong><br><strong><em>Les responsables vous accueilleront et vous proposeront de faire un essai en participant \u00e0 une ou plusieurs activit\u00e9s de votre choix.<\/em><\/strong><br><br><br><strong><em>Adh\u00e9rer au Club, c\u2019est d\u2019abord en accepter les r\u00e8gles, en adopter l\u2019esprit, mais aussi participer \u00e0 ses manifestations importantes : Assembl\u00e9e G\u00e9n\u00e9rale, kermesse, spectacles de la troupe artistique\u2026 et contribuer personnellement au succ\u00e8s de ces r\u00e9alisations dans une bonne ambiance faite de respect et d\u2019amiti\u00e9.<\/em><\/strong><\/p>\n\n\n\n<p><strong><em>Documents \u00e0 fournir : &nbsp;&nbsp;&nbsp;&nbsp;  &#8211; &nbsp;Bulletin d\u2019adh\u00e9sion&nbsp;<a href=\"https:\/\/club-beaute-plaisance.fr\/wordpress\/wp-content\/uploads\/2025\/09\/Bulletin-dadhesion-2025-2026.pdf\" data-type=\"attachment\" data-id=\"844\">cliquer ici<\/a><\/em><\/strong><\/p>\n\n\n\n<p><strong><em>&nbsp;&nbsp;&nbsp;&nbsp;&nbsp;&nbsp;&nbsp;&nbsp;&nbsp;&nbsp;&nbsp;&nbsp;&nbsp;&nbsp;&nbsp;&nbsp;&nbsp;&nbsp;&nbsp;&nbsp;&nbsp;&nbsp;&nbsp;&nbsp;&nbsp;&nbsp;&nbsp;&nbsp;&nbsp;&nbsp;&nbsp;&nbsp;&nbsp;&nbsp;&nbsp;&nbsp;&nbsp;&nbsp;&nbsp;&nbsp;&nbsp;&nbsp;&#8211; &nbsp;Ch\u00e8que de cotisation<\/em><\/strong><\/p>\n\n\n\n<p><strong><em>&nbsp;&nbsp;&nbsp;&nbsp;&nbsp;&nbsp;&nbsp;&nbsp;&nbsp;&nbsp;&nbsp;&nbsp;&nbsp;&nbsp;&nbsp;&nbsp;&nbsp;&nbsp;&nbsp;&nbsp;&nbsp;&nbsp;&nbsp;&nbsp;&nbsp;&nbsp;&nbsp;&nbsp;&nbsp;&nbsp;&nbsp;&nbsp;&nbsp;&nbsp;&nbsp;&nbsp;&nbsp;&nbsp;&nbsp;&nbsp;&nbsp;&nbsp;&#8211; &nbsp;Certificat m\u00e9dical pour certaines activit\u00e9s<\/em><\/strong><\/p>\n\n\n\n<p><strong><em>Le montant de l\u2019adh\u00e9sion annuelle ( qui s\u2019entend du 1er sept. au 31 ao\u00fbt ) est fix\u00e9 pour l\u2019ann\u00e9e 2025 \/ 2026 \u00e0 45 \u20ac.&nbsp;<\/em><\/strong><strong><em>Il comprend l\u2019acc\u00e8s aux diff\u00e9rentes activit\u00e9s ( pr\u00e9voir un suppl\u00e9ment pour la gymnastique).<\/em><\/strong><\/p>\n\n\n\n<p><strong><em>Chaque ann\u00e9e, les adh\u00e9rents sont convoqu\u00e9s \u00e0 l&rsquo; Assembl\u00e9e G\u00e9n\u00e9rale par courrier. C&rsquo;est un R.V.&nbsp;majeur&nbsp;pour orienter la vie du Club.<\/em><\/strong><\/p>\n\n\n\n<p><strong><em>Pour toutes les activit\u00e9s, en cas d\u2019accident, c\u2019est la responsabilit\u00e9 civile des participants qui fonctionne.<\/em><\/strong><br><br><br>Nous contacter par e-mail : clubbeauteplaisance94@gmail.com &nbsp;&nbsp;&nbsp;&nbsp;&nbsp;&nbsp;&nbsp;<br>T\u00e9l\u00e9phone :&nbsp;01 88 29 64 97<\/p>\n\n\n\n<p>Club de Loisirs Beaut\u00e9 Plaisance : 6 Avenue du Mar\u00e9chal Lyautey \u2013 94130 \u2013 Nogent sur Marne<br><br><\/p>\n","protected":false},"excerpt":{"rendered":"<p>Actif ou retrait\u00e9, vous recherchez un ou des loisirs, qu\u2019ils soient cr\u00e9atifs, culturels, sportifs ou ludiques. Vous trouverez au sein de notre Club la possibilit\u00e9 de pratiquer ces activit\u00e9s dans un environnement convivial favorisant le lien social.Vous serez accueilli(e) amicalement par tous les b\u00e9n\u00e9voles qui encadrent les diff\u00e9rentes activit\u00e9s dont vous trouverez la liste dans [&hellip;]<\/p>\n","protected":false},"author":2,"featured_media":0,"parent":0,"menu_order":0,"comment_status":"closed","ping_status":"closed","template":"","meta":{"iawp_total_views":529,"footnotes":""},"class_list":["post-228","page","type-page","status-publish","hentry"],"_links":{"self":[{"href":"https:\/\/club-beaute-plaisance.fr\/wordpress\/index.php\/wp-json\/wp\/v2\/pages\/228","targetHints":{"allow":["GET"]}}],"collection":[{"href":"https:\/\/club-beaute-plaisance.fr\/wordpress\/index.php\/wp-json\/wp\/v2\/pages"}],"about":[{"href":"https:\/\/club-beaute-plaisance.fr\/wordpress\/index.php\/wp-json\/wp\/v2\/types\/page"}],"author":[{"embeddable":true,"href":"https:\/\/club-beaute-plaisance.fr\/wordpress\/index.php\/wp-json\/wp\/v2\/users\/2"}],"replies":[{"embeddable":true,"href":"https:\/\/club-beaute-plaisance.fr\/wordpress\/index.php\/wp-json\/wp\/v2\/comments?post=228"}],"version-history":[{"count":12,"href":"https:\/\/club-beaute-plaisance.fr\/wordpress\/index.php\/wp-json\/wp\/v2\/pages\/228\/revisions"}],"predecessor-version":[{"id":849,"href":"https:\/\/club-beaute-plaisance.fr\/wordpress\/index.php\/wp-json\/wp\/v2\/pages\/228\/revisions\/849"}],"wp:attachment":[{"href":"https:\/\/club-beaute-plaisance.fr\/wordpress\/index.php\/wp-json\/wp\/v2\/media?parent=228"}],"curies":[{"name":"wp","href":"https:\/\/api.w.org\/{rel}","templated":true}]}}